{"id":1040,"date":"2016-04-06T13:41:17","date_gmt":"2016-04-06T11:41:17","guid":{"rendered":"http:\/\/www.baumgarten-handelsvertretung.com\/?page_id=1040"},"modified":"2016-05-23T16:11:28","modified_gmt":"2016-05-23T14:11:28","slug":"inkjetpapier","status":"publish","type":"page","link":"http:\/\/www.baumgarten-handelsvertretung.com\/?page_id=1040","title":{"rendered":"Inkjetpapier."},"content":{"rendered":"<p>[et_pb_section admin_label=&#8220;section&#8220;][et_pb_row admin_label=&#8220;row&#8220;][et_pb_column type=&#8220;1_2&#8243;][et_pb_text admin_label=&#8220;Text&#8220; background_layout=&#8220;light&#8220; text_orientation=&#8220;left&#8220; use_border_color=&#8220;off&#8220; border_color=&#8220;#ffffff&#8220; border_style=&#8220;solid&#8220;]<\/p>\n<h3><strong><span style=\"color: #9acd32;\">Inkjetpapier.<\/span><\/strong><\/h3>\n<p><span style=\"color: #333333;\">Wir liefern Ihnen die komplette Medienvielfalt mit unseren Konfektion\u00e4ren <strong>Dataplot <\/strong>und <strong>Tecco<\/strong>. <\/span> <span style=\"color: #333333;\">Nutzen Sie unsere Kontakte zu den gro\u00dfen Konfektion\u00e4ren und lassen Sie Ihr Material so anliefern wie der Auftrag f\u00fcr Sie am effizientesten abzuwickeln ist.<\/span> [\/et_pb_text][et_pb_tabs admin_label=&#8220;Registerkarte&#8220; use_border_color=&#8220;off&#8220; border_color=&#8220;#ffffff&#8220; border_style=&#8220;solid&#8220; active_tab_background_color=&#8220;#9acd32&#8243;] [et_pb_tab title=&#8220;Solvent \/ UV&#8220; tab_font_select=&#8220;default&#8220; body_font_select=&#8220;default&#8220;]<\/p>\n<p style=\"text-align: center; padding-left: 30px;\"><a href=\"http:\/\/www.baumgarten-handelsvertretung.com\/wp-content\/uploads\/2016\/05\/Solventmedien.pdf\" target=\"_blank\"><img loading=\"lazy\" decoding=\"async\" class=\"alignleft wp-image-1408 size-medium\" src=\"http:\/\/www.baumgarten-handelsvertretung.com\/wp-content\/uploads\/2016\/04\/Solventmedien-209x300.jpg\" alt=\"Solventmedien\" width=\"209\" height=\"300\" srcset=\"http:\/\/www.baumgarten-handelsvertretung.com\/wp-content\/uploads\/2016\/04\/Solventmedien-209x300.jpg 209w, http:\/\/www.baumgarten-handelsvertretung.com\/wp-content\/uploads\/2016\/04\/Solventmedien.jpg 312w\" sizes=\"(max-width: 209px) 100vw, 209px\" \/><\/a><\/p>\n<p>[\/et_pb_tab][et_pb_tab title=&#8220;Waterbased&#8220; tab_font_select=&#8220;default&#8220; body_font_select=&#8220;default&#8220;] <a href=\"http:\/\/www.baumgarten-handelsvertretung.com\/wp-content\/uploads\/2016\/05\/Waterbased-Medien.pdf\" target=\"_blank\" rel=\"attachment wp-att-1587\"><img loading=\"lazy\" decoding=\"async\" class=\"alignleft wp-image-1587 size-medium\" src=\"http:\/\/www.baumgarten-handelsvertretung.com\/wp-content\/uploads\/2016\/04\/Waterbased-Medien-1-212x300.jpg\" alt=\"Waterbased Medien\" width=\"212\" height=\"300\" srcset=\"http:\/\/www.baumgarten-handelsvertretung.com\/wp-content\/uploads\/2016\/04\/Waterbased-Medien-1-212x300.jpg 212w, http:\/\/www.baumgarten-handelsvertretung.com\/wp-content\/uploads\/2016\/04\/Waterbased-Medien-1.jpg 453w\" sizes=\"(max-width: 212px) 100vw, 212px\" \/><\/a> [\/et_pb_tab][et_pb_tab title=&#8220;Laminate&#8220; tab_font_select=&#8220;default&#8220; body_font_select=&#8220;default&#8220;]<\/p>\n<p><a href=\"http:\/\/www.baumgarten-handelsvertretung.com\/wp-content\/uploads\/2016\/05\/Laminate.pdf\" target=\"_blank\" rel=\"attachment wp-att-1596\"><img loading=\"lazy\" decoding=\"async\" class=\"alignleft wp-image-1596 size-medium\" src=\"http:\/\/www.baumgarten-handelsvertretung.com\/wp-content\/uploads\/2016\/04\/Laminate-1-212x300.jpg\" alt=\"Laminate\" width=\"212\" height=\"300\" srcset=\"http:\/\/www.baumgarten-handelsvertretung.com\/wp-content\/uploads\/2016\/04\/Laminate-1-212x300.jpg 212w, http:\/\/www.baumgarten-handelsvertretung.com\/wp-content\/uploads\/2016\/04\/Laminate-1.jpg 453w\" sizes=\"(max-width: 212px) 100vw, 212px\" \/><\/a><\/p>\n<p>[\/et_pb_tab] [\/et_pb_tabs][\/et_pb_column][et_pb_column type=&#8220;1_2&#8243;][et_pb_text admin_label=&#8220;Text&#8220;] [\/et_pb_text][\/et_pb_column][\/et_pb_row][\/et_pb_section]<\/p>\n","protected":false},"excerpt":{"rendered":"<p>Inkjetpapier. Wir liefern Ihnen die komplette Medienvielfalt mit unseren Konfektion\u00e4ren Dataplot und Tecco. Nutzen Sie unsere Kontakte zu den gro\u00dfen Konfektion\u00e4ren und lassen Sie Ihr Material so anliefern wie der Auftrag f\u00fcr Sie am effizientesten abzuwickeln ist.<\/p>\n","protected":false},"author":1,"featured_media":0,"parent":0,"menu_order":0,"comment_status":"closed","ping_status":"closed","template":"","meta":{"_et_pb_use_builder":"on","_et_pb_old_content":"<p>[et_pb_section admin_label=\"section\"][et_pb_row admin_label=\"row\"][\/et_pb_row][\/et_pb_section]<\/p>","_et_gb_content_width":"","footnotes":""},"_links":{"self":[{"href":"http:\/\/www.baumgarten-handelsvertretung.com\/index.php?rest_route=\/wp\/v2\/pages\/1040"}],"collection":[{"href":"http:\/\/www.baumgarten-handelsvertretung.com\/index.php?rest_route=\/wp\/v2\/pages"}],"about":[{"href":"http:\/\/www.baumgarten-handelsvertretung.com\/index.php?rest_route=\/wp\/v2\/types\/page"}],"author":[{"embeddable":true,"href":"http:\/\/www.baumgarten-handelsvertretung.com\/index.php?rest_route=\/wp\/v2\/users\/1"}],"replies":[{"embeddable":true,"href":"http:\/\/www.baumgarten-handelsvertretung.com\/index.php?rest_route=%2Fwp%2Fv2%2Fcomments&post=1040"}],"version-history":[{"count":35,"href":"http:\/\/www.baumgarten-handelsvertretung.com\/index.php?rest_route=\/wp\/v2\/pages\/1040\/revisions"}],"predecessor-version":[{"id":1690,"href":"http:\/\/www.baumgarten-handelsvertretung.com\/index.php?rest_route=\/wp\/v2\/pages\/1040\/revisions\/1690"}],"wp:attachment":[{"href":"http:\/\/www.baumgarten-handelsvertretung.com\/index.php?rest_route=%2Fwp%2Fv2%2Fmedia&parent=1040"}],"curies":[{"name":"wp","href":"https:\/\/api.w.org\/{rel}","templated":true}]}}