{"id":1630,"date":"2016-05-20T14:37:41","date_gmt":"2016-05-20T12:37:41","guid":{"rendered":"http:\/\/www.baumgarten-handelsvertretung.com\/?page_id=1630"},"modified":"2016-05-20T15:41:18","modified_gmt":"2016-05-20T13:41:18","slug":"digital-signage","status":"publish","type":"page","link":"http:\/\/www.baumgarten-handelsvertretung.com\/?page_id=1630","title":{"rendered":"Digital Signage."},"content":{"rendered":"<p>[et_pb_section admin_label=&#8220;section&#8220;][et_pb_row admin_label=&#8220;row&#8220;][et_pb_column type=&#8220;2_3&#8243;][et_pb_text admin_label=&#8220;Text&#8220; background_layout=&#8220;light&#8220; text_orientation=&#8220;left&#8220; use_border_color=&#8220;off&#8220; border_color=&#8220;#ffffff&#8220; border_style=&#8220;solid&#8220;]<\/p>\n<h3><strong><span style=\"color: #ff9900;\"><span style=\"color: #9acd32;\">Digital Signage | Digitale Beschilderung mit Monitor.<\/span><\/span><\/strong><\/h3>\n<p><span style=\"color: #333333;\">Unsere Digital Signage Systeme sind individuell auf Ihre Anforderungen zugeschnitten. Die Monitore beeindrucken durch eine <strong>gro\u00dffl\u00e4chige und brillante Darstellung<\/strong> Ihrer Werbebotschaften. Digital Signage ist die optimale Komplettierung Ihres Marketingsystems und bildet die attraktive Plattform f\u00fcr <strong>professionelle und zielgruppengenaue Pr\u00e4sentation in Bild und Video<\/strong>.<\/span><\/p>\n<p><span style=\"color: #333333;\">Modernste, \u00fcber viele Jahre upgrade-f\u00e4hige Technologie und seine ebenso kompakte wie robuste Bauweise gew\u00e4hrleisten einen zuverl\u00e4ssigen Dauerbetrieb und machen Digital Signage zu einer sicheren Investition, die sich schnell bezahlt macht. Der besondere Qualit\u00e4tsanspruch der Stelen wird durch die brillante und gestochen scharfe Wiedergabe digitaler Inhalte auch unter schwierigen Lichtverh\u00e4ltnissen und den weiten Blickwinkel unterstrichen. Die dynamischen, auff\u00e4lligen Bilder oder Videoinhalte bringen Leben in jeden Aufstellort. Alle Produkte sind <strong>made in Germany<\/strong> und zeichnen sich durch enorme Zuverl\u00e4ssigkeit und ein hohes Innovationsniveau aus. Hier finden Sie eine Auswahl von M\u00f6glichkeiten. Selbstverst\u00e4ndlich k\u00f6nnen wir auch nach Ihren eigenen Vorgaben und Ihrem CI fertigen lassen.<\/span><\/br><\/p>\n<p>[\/et_pb_text][\/et_pb_column][et_pb_column type=&#8220;1_3&#8243;][\/et_pb_column][\/et_pb_row][et_pb_row admin_label=&#8220;Zeile&#8220;][et_pb_column type=&#8220;1_3&#8243;][et_pb_image admin_label=&#8220;Bild&#8220; src=&#8220;http:\/\/www.baumgarten-handelsvertretung.com\/wp-content\/uploads\/2016\/05\/Giant-Presse-CMYK.jpg&#8220; show_in_lightbox=&#8220;on&#8220; url_new_window=&#8220;off&#8220; animation=&#8220;off&#8220; sticky=&#8220;on&#8220; align=&#8220;center&#8220; force_fullwidth=&#8220;off&#8220; always_center_on_mobile=&#8220;on&#8220; use_border_color=&#8220;off&#8220; border_color=&#8220;#ffffff&#8220; border_style=&#8220;solid&#8220;]<\/p>\n<p>[\/et_pb_image][\/et_pb_column][et_pb_column type=&#8220;1_3&#8243;][et_pb_image admin_label=&#8220;Bild&#8220; src=&#8220;http:\/\/www.baumgarten-handelsvertretung.com\/wp-content\/uploads\/2016\/05\/BASYS_PURE_32Zoll.jpg&#8220; show_in_lightbox=&#8220;on&#8220; url_new_window=&#8220;off&#8220; animation=&#8220;off&#8220; sticky=&#8220;on&#8220; align=&#8220;center&#8220; force_fullwidth=&#8220;off&#8220; always_center_on_mobile=&#8220;on&#8220; use_border_color=&#8220;off&#8220; border_color=&#8220;#ffffff&#8220; border_style=&#8220;solid&#8220;]<\/p>\n<p>[\/et_pb_image][\/et_pb_column][et_pb_column type=&#8220;1_3&#8243;][et_pb_image admin_label=&#8220;Bild&#8220; src=&#8220;http:\/\/www.baumgarten-handelsvertretung.com\/wp-content\/uploads\/2016\/05\/BASYS_PURE-Homepage.jpg&#8220; show_in_lightbox=&#8220;on&#8220; url_new_window=&#8220;off&#8220; animation=&#8220;off&#8220; sticky=&#8220;on&#8220; align=&#8220;center&#8220; force_fullwidth=&#8220;off&#8220; always_center_on_mobile=&#8220;on&#8220; use_border_color=&#8220;off&#8220; border_color=&#8220;#ffffff&#8220; border_style=&#8220;solid&#8220;]<\/p>\n<p>[\/et_pb_image][\/et_pb_column][\/et_pb_row][\/et_pb_section]<\/p>\n","protected":false},"excerpt":{"rendered":"<p>Digital Signage | Digitale Beschilderung mit Monitor. Unsere Digital Signage Systeme sind individuell auf Ihre Anforderungen zugeschnitten. Die Monitore beeindrucken durch eine gro\u00dffl\u00e4chige und brillante Darstellung Ihrer Werbebotschaften. Digital Signage ist die optimale Komplettierung Ihres Marketingsystems und bildet die attraktive Plattform f\u00fcr professionelle und zielgruppengenaue Pr\u00e4sentation in Bild und Video. Modernste, \u00fcber viele Jahre upgrade-f\u00e4hige [&hellip;]<\/p>\n","protected":false},"author":1,"featured_media":0,"parent":0,"menu_order":0,"comment_status":"closed","ping_status":"closed","template":"","meta":{"_et_pb_use_builder":"on","_et_pb_old_content":"","_et_gb_content_width":"","footnotes":""},"_links":{"self":[{"href":"http:\/\/www.baumgarten-handelsvertretung.com\/index.php?rest_route=\/wp\/v2\/pages\/1630"}],"collection":[{"href":"http:\/\/www.baumgarten-handelsvertretung.com\/index.php?rest_route=\/wp\/v2\/pages"}],"about":[{"href":"http:\/\/www.baumgarten-handelsvertretung.com\/index.php?rest_route=\/wp\/v2\/types\/page"}],"author":[{"embeddable":true,"href":"http:\/\/www.baumgarten-handelsvertretung.com\/index.php?rest_route=\/wp\/v2\/users\/1"}],"replies":[{"embeddable":true,"href":"http:\/\/www.baumgarten-handelsvertretung.com\/index.php?rest_route=%2Fwp%2Fv2%2Fcomments&post=1630"}],"version-history":[{"count":8,"href":"http:\/\/www.baumgarten-handelsvertretung.com\/index.php?rest_route=\/wp\/v2\/pages\/1630\/revisions"}],"predecessor-version":[{"id":1664,"href":"http:\/\/www.baumgarten-handelsvertretung.com\/index.php?rest_route=\/wp\/v2\/pages\/1630\/revisions\/1664"}],"wp:attachment":[{"href":"http:\/\/www.baumgarten-handelsvertretung.com\/index.php?rest_route=%2Fwp%2Fv2%2Fmedia&parent=1630"}],"curies":[{"name":"wp","href":"https:\/\/api.w.org\/{rel}","templated":true}]}}