{"id":856,"date":"2016-01-13T14:28:02","date_gmt":"2016-01-13T13:28:02","guid":{"rendered":"http:\/\/www.baumgarten-handelsvertretung.com\/?page_id=856"},"modified":"2019-08-18T20:53:22","modified_gmt":"2019-08-18T18:53:22","slug":"wir","status":"publish","type":"page","link":"http:\/\/www.baumgarten-handelsvertretung.com\/","title":{"rendered":"Wir."},"content":{"rendered":"<p>[et_pb_section admin_label=&#8220;section&#8220;][et_pb_row admin_label=&#8220;row&#8220;][et_pb_column type=&#8220;2_3&#8243;][et_pb_text admin_label=&#8220;Text&#8220; background_layout=&#8220;light&#8220; text_orientation=&#8220;left&#8220; use_border_color=&#8220;off&#8220; border_color=&#8220;#ffffff&#8220; border_style=&#8220;solid&#8220;]<\/p>\n<h3><span style=\"color: #9acd32;\"><strong>Unsere Philosophie.<\/strong><\/span><\/h3>\n<p><span style=\"color: #333333;\">Wer mich kennt, wei\u00df, dass f\u00fcr mich mein Kunde und dessen Anliegen im Vordergrund stehen. Dabei ist meine Philosophie \u201aThink outside the box\u2018 ein Anspruch, um f\u00fcr Sie als Kunden zu dem besten Ergebnis zu gelangen. <\/span><\/p>\n<p><span style=\"color: #333333;\">Als Handelsvertretung sind wir im Einkauf extrem breit aufgestellt und geben unsere guten H\u00e4ndlereinkaufskonditionen nur mit geringen Margen an unsere Kunden weiter. Wir bevorzugen Produkte, die in Deutschland hergestellt werden, um den Standort Deutschland zu erhalten und zu st\u00e4rken. Sicherlich gibt es oftmals eine preiswertere Variante im Internet, aber wir kaufen lieber bei den Menschen ein, bei denen wir die Produktionsfaktoren kennen.<\/span><\/p>\n<p><span style=\"color: #333333;\">Aufgrund der flachen Hierarchie in unserem Team zeichnen wir uns zudem durch kurze Reaktionszeiten aus. Von Work Life Balance wird bei uns nicht nur geredet, sondern sie wird auch gelebt. Garant f\u00fcr gute Stimmung ist unsere H\u00fcndin Viva, die unser B\u00fcro belebt.<\/span> <span style=\"color: #333333;\">\u00a0Von Beratung und Verkauf bis hin zum Troubleshooting sind mein Team und ich immer Ihr Ansprechpartner \u2013 auch im technischen Bereich.<\/span> <span style=\"color: #333333;\">\u00a0<\/span><\/p>\n<p><span style=\"color: #333333;\">\u00a0\u00a0\u00a0\u00a0\u00a0\u00a0\u00a0\u00a0\u00a0\u00a0\u00a0\u00a0\u00a0\u00a0\u00a0 Uwe Baumgarten<\/span><\/p>\n<p>[\/et_pb_text][\/et_pb_column][et_pb_column type=&#8220;1_3&#8243;][et_pb_text admin_label=&#8220;Text&#8220;] [\/et_pb_text][et_pb_gallery admin_label=&#8220;Galerie&#8220; gallery_ids=&#8220;1771,1769&#8243; fullwidth=&#8220;on&#8220; posts_number=&#8220;2&#8243; show_title_and_caption=&#8220;on&#8220; show_pagination=&#8220;off&#8220; background_layout=&#8220;light&#8220; auto=&#8220;on&#8220; auto_speed=&#8220;8000&#8243; hover_overlay_color=&#8220;rgba(255,255,255,0.9)&#8220; caption_all_caps=&#8220;off&#8220; use_border_color=&#8220;off&#8220; border_color=&#8220;#ffffff&#8220; border_style=&#8220;solid&#8220; caption_text_color=&#8220;#81d742&#8243;] [\/et_pb_gallery][\/et_pb_column][\/et_pb_row][\/et_pb_section]<\/p>\n","protected":false},"excerpt":{"rendered":"<p>Unsere Philosophie. Wer mich kennt, wei\u00df, dass f\u00fcr mich mein Kunde und dessen Anliegen im Vordergrund stehen. Dabei ist meine Philosophie \u201aThink outside the box\u2018 ein Anspruch, um f\u00fcr Sie als Kunden zu dem besten Ergebnis zu gelangen. Als Handelsvertretung sind wir im Einkauf extrem breit aufgestellt und geben unsere guten H\u00e4ndlereinkaufskonditionen nur mit geringen [&hellip;]<\/p>\n","protected":false},"author":1,"featured_media":0,"parent":0,"menu_order":0,"comment_status":"closed","ping_status":"closed","template":"","meta":{"_et_pb_use_builder":"on","_et_pb_old_content":"","_et_gb_content_width":"","footnotes":""},"_links":{"self":[{"href":"http:\/\/www.baumgarten-handelsvertretung.com\/index.php?rest_route=\/wp\/v2\/pages\/856"}],"collection":[{"href":"http:\/\/www.baumgarten-handelsvertretung.com\/index.php?rest_route=\/wp\/v2\/pages"}],"about":[{"href":"http:\/\/www.baumgarten-handelsvertretung.com\/index.php?rest_route=\/wp\/v2\/types\/page"}],"author":[{"embeddable":true,"href":"http:\/\/www.baumgarten-handelsvertretung.com\/index.php?rest_route=\/wp\/v2\/users\/1"}],"replies":[{"embeddable":true,"href":"http:\/\/www.baumgarten-handelsvertretung.com\/index.php?rest_route=%2Fwp%2Fv2%2Fcomments&post=856"}],"version-history":[{"count":25,"href":"http:\/\/www.baumgarten-handelsvertretung.com\/index.php?rest_route=\/wp\/v2\/pages\/856\/revisions"}],"predecessor-version":[{"id":1827,"href":"http:\/\/www.baumgarten-handelsvertretung.com\/index.php?rest_route=\/wp\/v2\/pages\/856\/revisions\/1827"}],"wp:attachment":[{"href":"http:\/\/www.baumgarten-handelsvertretung.com\/index.php?rest_route=%2Fwp%2Fv2%2Fmedia&parent=856"}],"curies":[{"name":"wp","href":"https:\/\/api.w.org\/{rel}","templated":true}]}}