{"id":877,"date":"2016-01-13T14:41:38","date_gmt":"2016-01-13T13:41:38","guid":{"rendered":"http:\/\/www.baumgarten-handelsvertretung.com\/?page_id=877"},"modified":"2016-05-23T16:42:34","modified_gmt":"2016-05-23T14:42:34","slug":"leinwand","status":"publish","type":"page","link":"http:\/\/www.baumgarten-handelsvertretung.com\/?page_id=877","title":{"rendered":"Leinwand."},"content":{"rendered":"<p>[et_pb_section admin_label=&#8220;section&#8220;][et_pb_row admin_label=&#8220;row&#8220;][et_pb_column type=&#8220;2_3&#8243;][et_pb_text admin_label=&#8220;Text&#8220; background_layout=&#8220;light&#8220; text_orientation=&#8220;left&#8220; use_border_color=&#8220;off&#8220; border_color=&#8220;#ffffff&#8220; border_style=&#8220;solid&#8220;]<\/p>\n<h3><span style=\"color: #9acd32;\"><strong>Leinwand.<\/strong><\/span><\/h3>\n<p><span style=\"color: #333333;\">Unsere Fine Art Canvas besteht aus <strong>schwerem Baumwollmischgewebe<\/strong> und hat<\/span> <span style=\"color: #333333;\">unterschiedliche Oberfl\u00e4chen von <strong>matt, gl\u00e4nzend und semimatt<\/strong>.<\/span> <span style=\"color: #333333;\">Zum UV-Schutz und um die Oberfl\u00e4che gegen mechanische Beanspruchung<\/span> <span style=\"color: #333333;\">zu sch\u00fctzen, liefern wir Ihnen Lack in matt, gl\u00e4nzend und semimatt.<\/span> <span style=\"color: #333333;\"> Einen Auszug aus unserer Produktpalette sehen Sie hier:<\/span> [\/et_pb_text][et_pb_tabs admin_label=&#8220;Registerkarte&#8220; use_border_color=&#8220;off&#8220; border_color=&#8220;#ffffff&#8220; border_style=&#8220;solid&#8220; active_tab_background_color=&#8220;#9acd32&#8243;] [et_pb_tab title=&#8220;Fine Art Canvas 380 matt&#8220; tab_font_select=&#8220;default&#8220; body_font_select=&#8220;default&#8220;]<\/p>\n<ul>\n<li><span style=\"color: #333333;\"><span style=\"color: #9acd32;\">\u2666<\/span> Schweres Baumwollmischgewebe (naturfarben, hell), ca. 380g\/m\u00b2. <\/span><\/li>\n<li><span style=\"color: #333333;\"><span style=\"color: #9acd32;\">\u2666<\/span>\u00a0Bedruckbar mit Dye- und Pigmenttinten <\/span><\/li>\n<li><span style=\"color: #333333;\"><span style=\"color: #9acd32;\">\u2666<\/span> Die Beschichtung ist matt, trocknet schnell und hat gute mechanische Festigkeit. <\/span><\/li>\n<li><span style=\"color: #333333;\"><span style=\"color: #9acd32;\">\u2666<\/span> Das Gewebe besitzt eine gleichm\u00e4\u00dfige Struktur und l\u00e4sst sich sehr gut verarbeiten, ohne Kantenbruch. <\/span><\/li>\n<li><span style=\"color: #333333;\"><span style=\"color: #9acd32;\">\u2666<\/span> Sie ist lieferbar in 36, 42, 44 und 60 Zoll x 18 m. \u00a0<\/span><\/li>\n<\/ul>\n<p>[\/et_pb_tab][et_pb_tab title=&#8220;Fine Art Canvas 420 seidengl\u00e4nzend&#8220; tab_font_select=&#8220;default&#8220; body_font_select=&#8220;default&#8220;]<\/p>\n<ul>\n<li><span style=\"color: #333333;\"><span style=\"color: #9acd32;\">\u2666<\/span> Schweres Polyester-\/ Baumwollmischgewebe mit seidengl\u00e4nzender Oberfl\u00e4che, ca. 420g\/m\u00b2<\/span><\/li>\n<li><span style=\"color: #9acd32;\">\u2666\u00a0<span style=\"color: #333333;\">Bedruckbar mit Dye- und Pigmenttinten <\/span><\/span><\/li>\n<li><span style=\"color: #333333;\"><span style=\"color: #9acd32;\"> \u2666<\/span> Die Beschichtung trocknet schnell, ist aber nicht wasserfest.<\/span><\/li>\n<li><span style=\"color: #9acd32;\"> \u2666<\/span> <span style=\"color: #333333;\">Das Gewebe vertr\u00e4gt hohen Tintenauftrag und l\u00e4sst sich sehr <\/span><span style=\"color: #333333;\">gut verarbeiten, ohne Kantenbruch.<\/span><\/li>\n<li><span style=\"color: #333333;\"><span style=\"color: #9acd32;\">\u2666<\/span> Sie ist lieferbar in 24 und 44 Zoll x 15 m.<\/span><\/li>\n<\/ul>\n<p>[\/et_pb_tab][et_pb_tab title=&#8220;Schwere K\u00fcnstlerleinwand 410 matt&#8220; tab_font_select=&#8220;default&#8220; body_font_select=&#8220;default&#8220;]<\/p>\n<ul>\n<li><span style=\"color: #333333;\"><span style=\"color: #9acd32;\">\u2666<\/span> Schwere K\u00fcnstlerleinwand, 410g\/m\u00b2. <\/span><\/li>\n<li><span style=\"color: #333333;\"><span style=\"color: #9acd32;\"> \u2666<\/span> Einseitig beschichtetes Leinwandgewebe aus einem Polyester-Baumwoll-Gemisch f\u00fcr Kunstreproduktionen.<\/span><\/li>\n<li><span style=\"color: #333333;\"><span style=\"color: #9acd32;\"> \u2666<\/span> Die spezielle Beschichtung f\u00fcr wasserbasierende Tinten erm\u00f6glicht intensive Farben und erh\u00e4lt die nat\u00fcrliche Gewebestruktur. <\/span><\/li>\n<li><span style=\"color: #333333;\"><span style=\"color: #9acd32;\">\u2666<\/span> Sie ist lieferbar in 36, 42 und 60 Zoll x 20 m.<\/span><\/li>\n<\/ul>\n<p>[\/et_pb_tab] [\/et_pb_tabs][\/et_pb_column][et_pb_column type=&#8220;1_3&#8243;][et_pb_image admin_label=&#8220;Bild&#8220; src=&#8220;http:\/\/www.baumgarten-handelsvertretung.com\/wp-content\/uploads\/2016\/01\/Schneidelehre-1.jpg&#8220; show_in_lightbox=&#8220;off&#8220; url_new_window=&#8220;off&#8220; animation=&#8220;off&#8220; sticky=&#8220;off&#8220; align=&#8220;left&#8220; force_fullwidth=&#8220;off&#8220; always_center_on_mobile=&#8220;on&#8220; use_border_color=&#8220;off&#8220; border_color=&#8220;#ffffff&#8220; border_style=&#8220;solid&#8220;] [\/et_pb_image][et_pb_text admin_label=&#8220;Text&#8220; background_layout=&#8220;light&#8220; text_orientation=&#8220;left&#8220; use_border_color=&#8220;off&#8220; border_color=&#8220;#ffffff&#8220; border_style=&#8220;solid&#8220;] <span style=\"color: #333333;\">Kennen Sie unsere <strong>Leinwand-Schneidelehre<\/strong>?<\/span> <span style=\"color: #333333;\"> Spart Zeit, ist pr\u00e4zise und einfach zu handhaben. Dazu erhalten Sie eine Bedienungsanleitung per Video.<\/span> [\/et_pb_text][\/et_pb_column][\/et_pb_row][\/et_pb_section]<\/p>\n","protected":false},"excerpt":{"rendered":"<p>Leinwand. Unsere Fine Art Canvas besteht aus schwerem Baumwollmischgewebe und hat unterschiedliche Oberfl\u00e4chen von matt, gl\u00e4nzend und semimatt. Zum UV-Schutz und um die Oberfl\u00e4che gegen mechanische Beanspruchung zu sch\u00fctzen, liefern wir Ihnen Lack in matt, gl\u00e4nzend und semimatt. Einen Auszug aus unserer Produktpalette sehen Sie hier: \u2666 Schweres Baumwollmischgewebe (naturfarben, hell), ca. 380g\/m\u00b2. \u2666\u00a0Bedruckbar mit [&hellip;]<\/p>\n","protected":false},"author":1,"featured_media":0,"parent":0,"menu_order":0,"comment_status":"closed","ping_status":"closed","template":"","meta":{"_et_pb_use_builder":"on","_et_pb_old_content":"","_et_gb_content_width":"","footnotes":""},"_links":{"self":[{"href":"http:\/\/www.baumgarten-handelsvertretung.com\/index.php?rest_route=\/wp\/v2\/pages\/877"}],"collection":[{"href":"http:\/\/www.baumgarten-handelsvertretung.com\/index.php?rest_route=\/wp\/v2\/pages"}],"about":[{"href":"http:\/\/www.baumgarten-handelsvertretung.com\/index.php?rest_route=\/wp\/v2\/types\/page"}],"author":[{"embeddable":true,"href":"http:\/\/www.baumgarten-handelsvertretung.com\/index.php?rest_route=\/wp\/v2\/users\/1"}],"replies":[{"embeddable":true,"href":"http:\/\/www.baumgarten-handelsvertretung.com\/index.php?rest_route=%2Fwp%2Fv2%2Fcomments&post=877"}],"version-history":[{"count":41,"href":"http:\/\/www.baumgarten-handelsvertretung.com\/index.php?rest_route=\/wp\/v2\/pages\/877\/revisions"}],"predecessor-version":[{"id":1705,"href":"http:\/\/www.baumgarten-handelsvertretung.com\/index.php?rest_route=\/wp\/v2\/pages\/877\/revisions\/1705"}],"wp:attachment":[{"href":"http:\/\/www.baumgarten-handelsvertretung.com\/index.php?rest_route=%2Fwp%2Fv2%2Fmedia&parent=877"}],"curies":[{"name":"wp","href":"https:\/\/api.w.org\/{rel}","templated":true}]}}