{"id":889,"date":"2016-01-13T14:43:02","date_gmt":"2016-01-13T13:43:02","guid":{"rendered":"http:\/\/www.baumgarten-handelsvertretung.com\/?page_id=889"},"modified":"2016-04-21T11:23:34","modified_gmt":"2016-04-21T09:23:34","slug":"tinte-refill","status":"publish","type":"page","link":"http:\/\/www.baumgarten-handelsvertretung.com\/?page_id=889","title":{"rendered":"Refill|kompatibel."},"content":{"rendered":"<p>[et_pb_section admin_label=&#8220;section&#8220;][et_pb_row admin_label=&#8220;row&#8220;][et_pb_column type=&#8220;2_3&#8243;][et_pb_text admin_label=&#8220;Text&#8220; background_layout=&#8220;light&#8220; text_orientation=&#8220;left&#8220; use_border_color=&#8220;off&#8220; border_color=&#8220;#9acd32&#8243; border_style=&#8220;solid&#8220;]<\/p>\n<h3><span style=\"color: #9acd32;\"><strong>Recycelte\/kompatible Tintenpatronen f\u00fcr Ihren Plotter.<\/strong><\/span><\/h3>\n<p><span style=\"color: #333333;\">In der Produktion unserer <strong>Lieferanten in Deutschland<\/strong> werden ausschlie\u00dflich hochwertige Rohstoffe verwendet wie sie in der EU zugelassen sind. <\/span> <span style=\"color: #333333;\">F\u00fcr viele unserer Kunden spielt neben dem <strong>Preis-Leistungs-Verh\u00e4ltnis<\/strong> auch der Gedanke des <strong>Umweltschutzes<\/strong> eine Rolle, denn eine hochwertige Verpackung &#8211; wie die der HP-Tinte &#8211; kann durchaus viele Male benutzt werden und schont damit die Umwelt. Gerne nehmen wir Leergut zur\u00fcck, um einen geschlossenen Warenkreislauf zu gew\u00e4hrleisten.<\/span> [\/et_pb_text][\/et_pb_column][et_pb_column type=&#8220;1_3&#8243;][et_pb_counters admin_label=&#8220;Balkenz\u00e4hler&#8220; background_layout=&#8220;light&#8220; background_color=&#8220;#dddddd&#8220; bar_bg_color=&#8220;#9acd32&#8243; use_percentages=&#8220;on&#8220; use_border_color=&#8220;off&#8220; border_color=&#8220;#ffffff&#8220; border_style=&#8220;solid&#8220; title_font=&#8220;|on|||&#8220;] [et_pb_counter percent=&#8220;100&#8243;] gut f\u00fcr unsere Umwelt [\/et_pb_counter][et_pb_counter percent=&#8220;100&#8243;] kosten senkend [\/et_pb_counter][et_pb_counter percent=&#8220;100&#8243;] nachhaltig [\/et_pb_counter][et_pb_counter percent=&#8220;100&#8243;] made in Germany [\/et_pb_counter] [\/et_pb_counters][\/et_pb_column][\/et_pb_row][et_pb_row admin_label=&#8220;Zeile&#8220;][et_pb_column type=&#8220;1_3&#8243;][et_pb_text admin_label=&#8220;Text&#8220; background_layout=&#8220;light&#8220; text_orientation=&#8220;left&#8220; use_border_color=&#8220;off&#8220; border_color=&#8220;#ffffff&#8220; border_style=&#8220;solid&#8220;] <span style=\"color: #333333;\">Derzeit liefern wir f\u00fcr folgende HP Plotter wiederbef\u00fcllte Tintenpatronen <\/span><\/p>\n<ul>\n<li><span style=\"color: #333333;\"><strong>L26500 | 792<\/strong><\/span><\/li>\n<li><span style=\"color: #333333;\"><strong>L25500 | 789 <\/strong><\/span><\/li>\n<li><span style=\"color: #333333;\"><strong>T6200 | 771 <\/strong><\/span><\/li>\n<li><span style=\"color: #333333;\"><strong>T7100 | 761 <\/strong><\/span><\/li>\n<li><span style=\"color: #333333;\"><strong>T1100, 1200, 1300 | 72 <\/strong><\/span><\/li>\n<li><span style=\"color: #333333;\"><strong>Z6100 | 91 <\/strong><\/span><\/li>\n<li><span style=\"color: #333333;\"><strong>4&#215;00 | 90 <\/strong><\/span><\/li>\n<li><span style=\"color: #333333;\"><strong>5&#215;00\u00a0 | 83 und 81 <\/strong><\/span><\/li>\n<li><span style=\"color: #333333;\"><strong>105x | 80 \u00a0 \u00a0 \u00a0 \u00a0<\/strong><\/span><\/li>\n<\/ul>\n<p>[\/et_pb_text][\/et_pb_column][et_pb_column type=&#8220;1_3&#8243;][et_pb_text admin_label=&#8220;Text&#8220; background_layout=&#8220;light&#8220; text_orientation=&#8220;left&#8220; use_border_color=&#8220;off&#8220; border_color=&#8220;#ffffff&#8220; border_style=&#8220;solid&#8220;] <span style=\"color: #333333;\">Mit Marabu liefern wir f\u00fcr fast alle Drucker mit Piezodruckk\u00f6pfen wie die L\u00f6semitteldrucker \u00a0von Roland \/ Mimaki \/ Mutoh kompatible Tinten. Als Beispiel <strong>Roland VS640, VS540<\/strong> und <strong>ECO-Sol MAX2<\/strong> sowie <strong>Mimaki JV-33<\/strong>.<\/span> <span style=\"color: #333333;\">\u00a0<\/span> [\/et_pb_text][et_pb_image admin_label=&#8220;Bild&#8220; src=&#8220;http:\/\/www.baumgarten-handelsvertretung.com\/wp-content\/uploads\/2016\/01\/MaraClaim_CMYK_300dpi.jpg&#8220; show_in_lightbox=&#8220;off&#8220; url_new_window=&#8220;off&#8220; animation=&#8220;off&#8220; sticky=&#8220;off&#8220; align=&#8220;left&#8220; force_fullwidth=&#8220;off&#8220; always_center_on_mobile=&#8220;on&#8220; use_border_color=&#8220;off&#8220; border_color=&#8220;#ffffff&#8220; border_style=&#8220;solid&#8220; max_width=&#8220;200&#8243;] [\/et_pb_image][\/et_pb_column][et_pb_column type=&#8220;1_3&#8243;][\/et_pb_column][\/et_pb_row][\/et_pb_section]<\/p>\n","protected":false},"excerpt":{"rendered":"<p>Recycelte\/kompatible Tintenpatronen f\u00fcr Ihren Plotter. In der Produktion unserer Lieferanten in Deutschland werden ausschlie\u00dflich hochwertige Rohstoffe verwendet wie sie in der EU zugelassen sind. F\u00fcr viele unserer Kunden spielt neben dem Preis-Leistungs-Verh\u00e4ltnis auch der Gedanke des Umweltschutzes eine Rolle, denn eine hochwertige Verpackung &#8211; wie die der HP-Tinte &#8211; kann durchaus viele Male benutzt werden [&hellip;]<\/p>\n","protected":false},"author":1,"featured_media":0,"parent":0,"menu_order":0,"comment_status":"closed","ping_status":"closed","template":"","meta":{"_et_pb_use_builder":"on","_et_pb_old_content":"","_et_gb_content_width":"","footnotes":""},"_links":{"self":[{"href":"http:\/\/www.baumgarten-handelsvertretung.com\/index.php?rest_route=\/wp\/v2\/pages\/889"}],"collection":[{"href":"http:\/\/www.baumgarten-handelsvertretung.com\/index.php?rest_route=\/wp\/v2\/pages"}],"about":[{"href":"http:\/\/www.baumgarten-handelsvertretung.com\/index.php?rest_route=\/wp\/v2\/types\/page"}],"author":[{"embeddable":true,"href":"http:\/\/www.baumgarten-handelsvertretung.com\/index.php?rest_route=\/wp\/v2\/users\/1"}],"replies":[{"embeddable":true,"href":"http:\/\/www.baumgarten-handelsvertretung.com\/index.php?rest_route=%2Fwp%2Fv2%2Fcomments&post=889"}],"version-history":[{"count":45,"href":"http:\/\/www.baumgarten-handelsvertretung.com\/index.php?rest_route=\/wp\/v2\/pages\/889\/revisions"}],"predecessor-version":[{"id":1442,"href":"http:\/\/www.baumgarten-handelsvertretung.com\/index.php?rest_route=\/wp\/v2\/pages\/889\/revisions\/1442"}],"wp:attachment":[{"href":"http:\/\/www.baumgarten-handelsvertretung.com\/index.php?rest_route=%2Fwp%2Fv2%2Fmedia&parent=889"}],"curies":[{"name":"wp","href":"https:\/\/api.w.org\/{rel}","templated":true}]}}