{"id":892,"date":"2016-01-13T15:00:34","date_gmt":"2016-01-13T14:00:34","guid":{"rendered":"http:\/\/www.baumgarten-handelsvertretung.com\/?page_id=892"},"modified":"2016-05-24T11:08:04","modified_gmt":"2016-05-24T09:08:04","slug":"toner-rebuilt","status":"publish","type":"page","link":"http:\/\/www.baumgarten-handelsvertretung.com\/?page_id=892","title":{"rendered":"Toner Rebuilt."},"content":{"rendered":"<p>[et_pb_section admin_label=&#8220;section&#8220;][et_pb_row admin_label=&#8220;row&#8220;][et_pb_column type=&#8220;2_3&#8243;][et_pb_text admin_label=&#8220;Text&#8220; background_layout=&#8220;light&#8220; text_orientation=&#8220;left&#8220; use_border_color=&#8220;off&#8220; border_color=&#8220;#ffffff&#8220; border_style=&#8220;solid&#8220;]<\/p>\n<h3><strong><span style=\"color: #9acd32;\">Toner Rebuilt und kompatibel.<\/span><\/strong><\/h3>\n<p><span style=\"color: #333333;\">Wir liefern Rebuilt Toner (kompatiblen Toner) f\u00fcr die Drucker der g\u00e4ngigen Hersteller. Entscheidend ist f\u00fcr uns, dass dieser Toner in <strong>Deutschland<\/strong> produziert wird und eine Garantie f\u00fcr Ihren Drucker enth\u00e4lt, d.h. wenn der Drucker durch den Rebuilt Toner nachweislich zu Schaden kommt, haftet der Hersteller f\u00fcr den Schaden. Besonders hervorzuheben ist, dass der Produzent unseres Rebuilt Toners nach <strong>DIN EN ISO 9001<\/strong> und <strong>DIN EN ISO 14001<\/strong> zertifiziert und <strong>zugelassener Wirtschaftsbeteiligter (AEO)<\/strong> ist und damit als besonders zuverl\u00e4ssig und vertrauensw\u00fcrdig innerhalb der Europ\u00e4ischen Union eingestuft wird.<\/span> <span style=\"color: #333333;\">Rebuilt hei\u00dft im Gegensatz zu Refill, dass die Cartridge komplett neu aufgebaut wird und mit s\u00e4mtlichen Verschlei\u00dfmaterialien, also auch neuer Bildtrommel, best\u00fcckt und dann mit Toner bef\u00fcllt wird. F\u00fcr die Produktion von Rebuilt Toner ist die leere Tonerkassette der wichtigste Rohstoff. Gerne nehmen wir Ihre verbrauchten Original Cartrigdes zur\u00fcck.<\/span> [\/et_pb_text][et_pb_image admin_label=&#8220;Bild&#8220;] [\/et_pb_image][\/et_pb_column][et_pb_column type=&#8220;1_3&#8243;][et_pb_image admin_label=&#8220;Bild&#8220; src=&#8220;http:\/\/www.baumgarten-handelsvertretung.com\/wp-content\/uploads\/2016\/05\/Fotolia_104948590_S.jpg&#8220; show_in_lightbox=&#8220;off&#8220; url_new_window=&#8220;off&#8220; animation=&#8220;fade_in&#8220; sticky=&#8220;off&#8220; align=&#8220;left&#8220; force_fullwidth=&#8220;off&#8220; always_center_on_mobile=&#8220;on&#8220; use_border_color=&#8220;off&#8220; border_color=&#8220;#ffffff&#8220; border_style=&#8220;solid&#8220;] [\/et_pb_image][et_pb_gallery admin_label=&#8220;Galerie&#8220; gallery_ids=&#8220;1018,1017,1019&#8243; fullwidth=&#8220;on&#8220; show_title_and_caption=&#8220;off&#8220; show_pagination=&#8220;off&#8220; background_layout=&#8220;light&#8220; auto=&#8220;on&#8220; auto_speed=&#8220;4000&#8243; hover_overlay_color=&#8220;rgba(255,255,255,0.9)&#8220; caption_all_caps=&#8220;off&#8220; use_border_color=&#8220;off&#8220; border_color=&#8220;#ffffff&#8220; border_style=&#8220;solid&#8220; saved_tabs=&#8220;all&#8220; posts_number=&#8220;3&#8243;] [\/et_pb_gallery][\/et_pb_column][\/et_pb_row][\/et_pb_section]<\/p>\n","protected":false},"excerpt":{"rendered":"<p>Toner Rebuilt und kompatibel. Wir liefern Rebuilt Toner (kompatiblen Toner) f\u00fcr die Drucker der g\u00e4ngigen Hersteller. Entscheidend ist f\u00fcr uns, dass dieser Toner in Deutschland produziert wird und eine Garantie f\u00fcr Ihren Drucker enth\u00e4lt, d.h. wenn der Drucker durch den Rebuilt Toner nachweislich zu Schaden kommt, haftet der Hersteller f\u00fcr den Schaden. Besonders hervorzuheben ist, [&hellip;]<\/p>\n","protected":false},"author":1,"featured_media":0,"parent":0,"menu_order":0,"comment_status":"closed","ping_status":"closed","template":"","meta":{"_et_pb_use_builder":"on","_et_pb_old_content":"","_et_gb_content_width":"","footnotes":""},"_links":{"self":[{"href":"http:\/\/www.baumgarten-handelsvertretung.com\/index.php?rest_route=\/wp\/v2\/pages\/892"}],"collection":[{"href":"http:\/\/www.baumgarten-handelsvertretung.com\/index.php?rest_route=\/wp\/v2\/pages"}],"about":[{"href":"http:\/\/www.baumgarten-handelsvertretung.com\/index.php?rest_route=\/wp\/v2\/types\/page"}],"author":[{"embeddable":true,"href":"http:\/\/www.baumgarten-handelsvertretung.com\/index.php?rest_route=\/wp\/v2\/users\/1"}],"replies":[{"embeddable":true,"href":"http:\/\/www.baumgarten-handelsvertretung.com\/index.php?rest_route=%2Fwp%2Fv2%2Fcomments&post=892"}],"version-history":[{"count":13,"href":"http:\/\/www.baumgarten-handelsvertretung.com\/index.php?rest_route=\/wp\/v2\/pages\/892\/revisions"}],"predecessor-version":[{"id":1780,"href":"http:\/\/www.baumgarten-handelsvertretung.com\/index.php?rest_route=\/wp\/v2\/pages\/892\/revisions\/1780"}],"wp:attachment":[{"href":"http:\/\/www.baumgarten-handelsvertretung.com\/index.php?rest_route=%2Fwp%2Fv2%2Fmedia&parent=892"}],"curies":[{"name":"wp","href":"https:\/\/api.w.org\/{rel}","templated":true}]}}