{"id":897,"date":"2016-01-13T14:44:09","date_gmt":"2016-01-13T13:44:09","guid":{"rendered":"http:\/\/www.baumgarten-handelsvertretung.com\/?page_id=897"},"modified":"2016-05-23T15:23:50","modified_gmt":"2016-05-23T13:23:50","slug":"dienstleistungen","status":"publish","type":"page","link":"http:\/\/www.baumgarten-handelsvertretung.com\/?page_id=897","title":{"rendered":"Dienstleistungen."},"content":{"rendered":"<p>[et_pb_section admin_label=&#8220;section&#8220;][et_pb_row admin_label=&#8220;row&#8220;][et_pb_column type=&#8220;2_3&#8243;][et_pb_text admin_label=&#8220;Text&#8220; background_layout=&#8220;light&#8220; text_orientation=&#8220;left&#8220; use_border_color=&#8220;off&#8220; border_color=&#8220;#ffffff&#8220; border_style=&#8220;solid&#8220;]<\/p>\n<h3><\/h3>\n<h3><span style=\"color: #9acd32;\"><strong>Motivation verbindet.<\/strong><\/span><\/h3>\n<p><span style=\"color: #333333;\">Wir schaffen L\u00f6sungen f\u00fcr Sie! Dazu geh\u00f6rt auch die Zusammenarbeit mit einem Netzwerk von spezialisierten Technikern, so dass wir eine breite Palette an Service und Dienstleistungen erbringen k\u00f6nnen.<\/span> [\/et_pb_text][et_pb_text admin_label=&#8220;Text&#8220;] [\/et_pb_text][et_pb_tabs admin_label=&#8220;Registerkarte&#8220; use_border_color=&#8220;off&#8220; border_color=&#8220;#ffffff&#8220; border_style=&#8220;solid&#8220; active_tab_background_color=&#8220;#9acd32&#8243;] [et_pb_tab title=&#8220;Dienstleistungen&#8220; tab_font_select=&#8220;default&#8220; body_font_select=&#8220;default&#8220;]<\/p>\n<ul>\n<li><span style=\"color: #9acd32;\">\u2666<\/span> <span style=\"color: #333333;\">Color Management<\/span><\/li>\n<li><span style=\"color: #333333;\"><span style=\"color: #9acd32;\">\u2666<\/span> ICC-Profile<\/span><\/li>\n<li><span style=\"color: #333333;\"><span style=\"color: #9acd32;\">\u2666<\/span> Fine Art Printing-Profile<\/span><\/li>\n<li><span style=\"color: #333333;\"><span style=\"color: #9acd32;\">\u2666<\/span> Information und Beratung zu Bedruckstoffen im Gro\u00dfformatdruck<\/span><\/li>\n<\/ul>\n<p>[\/et_pb_tab][et_pb_tab title=&#8220;IT Service&#8220; tab_font_select=&#8220;default&#8220; body_font_select=&#8220;default&#8220;]<\/p>\n<ul>\n<ul>\n<li><span style=\"color: #333333;\"> <span style=\"color: #9acd32;\"> \u2666 <\/span>Hardware &#8211; Beratung und Verkauf<\/span><\/li>\n<li><span style=\"color: #333333;\"><span style=\"color: #9acd32;\">\u2666<\/span> Netzwerkinstallation und -pflege in einer Windows- und MAC-Umgebung<\/span><\/li>\n<li><span style=\"color: #333333;\"><span style=\"color: #9acd32;\">\u2666<\/span> Internet \/ WLAN L\u00f6sungen und Reichweitenvergr\u00f6\u00dferung<\/span><\/li>\n<li><span style=\"color: #333333;\"><span style=\"color: #9acd32;\">\u2666<\/span> User Helpdesk (Softwareprobleme bei Betriebssystemen und Anwendersoftware, Hardwareaustausch)<\/span><\/li>\n<\/ul>\n<\/ul>\n<p>&nbsp;<\/p>\n<p>[\/et_pb_tab][et_pb_tab title=&#8220;Service&#8220; tab_font_select=&#8220;default&#8220; body_font_select=&#8220;default&#8220;]<\/p>\n<ul>\n<li><span style=\"color: #9acd32;\">\u2666<\/span> <span style=\"color: #333333;\">Epson, HP, Roland Gro\u00dfformatdrucker<\/span><\/li>\n<li><span style=\"color: #333333;\"><span style=\"color: #9acd32;\">\u2666<\/span> Oki, HP, Epson Officedrucker<\/span><\/li>\n<li><span style=\"color: #333333;\"><span style=\"color: #9acd32;\">\u2666<\/span> Kontaktkopierger\u00e4te und Entwicklungsmaschinen<\/span><\/li>\n<li><span style=\"color: #333333;\"><span style=\"color: #9acd32;\">\u2666<\/span> Film- und Plattenbelichter<\/span><\/li>\n<li><span style=\"color: #333333;\"><span style=\"color: #9acd32;\">\u2666<\/span> UV Brenner \/ UV Trocknung\u00a0<\/span><\/li>\n<\/ul>\n<p>[\/et_pb_tab][et_pb_tab title=&#8220;Neubeschichtung von Laminator Walzen&#8220; tab_font_select=&#8220;default&#8220; body_font_select=&#8220;default&#8220;] <span style=\"color: #333333;\">Ihre gebrauchten Walzen werden mit dem Laser vermessen, die Shore-H\u00e4rte wird gepr\u00fcft, das Altgummi vom Kern entfernt und der Kern neu gewickelt, gebacken und abgedreht. <\/span><span style=\"color: #333333;\"> Die Walzen k\u00f6nnen bei Ihnen mit unserem Lieferservice abgeholt und nach der Neubeschichtung gebracht werden. Die <strong>Kostenersparnis liegt zwischen 30 und 50%<\/strong> gegen\u00fcber der Anschaffung von neuen Walzen.<\/span> [\/et_pb_tab] [\/et_pb_tabs][\/et_pb_column][et_pb_column type=&#8220;1_3&#8243;][et_pb_image admin_label=&#8220;Bild&#8220; src=&#8220;http:\/\/www.baumgarten-handelsvertretung.com\/wp-content\/uploads\/2016\/01\/Home-Garden-004-kleiner-gerechnet.jpg&#8220; show_in_lightbox=&#8220;off&#8220; url_new_window=&#8220;off&#8220; animation=&#8220;left&#8220; sticky=&#8220;off&#8220; align=&#8220;left&#8220; force_fullwidth=&#8220;off&#8220; always_center_on_mobile=&#8220;on&#8220; use_border_color=&#8220;off&#8220; border_color=&#8220;#ffffff&#8220; border_style=&#8220;solid&#8220;] [\/et_pb_image][\/et_pb_column][\/et_pb_row][\/et_pb_section]<\/p>\n","protected":false},"excerpt":{"rendered":"<p>Motivation verbindet. Wir schaffen L\u00f6sungen f\u00fcr Sie! Dazu geh\u00f6rt auch die Zusammenarbeit mit einem Netzwerk von spezialisierten Technikern, so dass wir eine breite Palette an Service und Dienstleistungen erbringen k\u00f6nnen. \u2666 Color Management \u2666 ICC-Profile \u2666 Fine Art Printing-Profile \u2666 Information und Beratung zu Bedruckstoffen im Gro\u00dfformatdruck \u2666 Hardware &#8211; Beratung und Verkauf \u2666 Netzwerkinstallation [&hellip;]<\/p>\n","protected":false},"author":1,"featured_media":0,"parent":0,"menu_order":0,"comment_status":"closed","ping_status":"closed","template":"","meta":{"_et_pb_use_builder":"on","_et_pb_old_content":"","_et_gb_content_width":"","footnotes":""},"_links":{"self":[{"href":"http:\/\/www.baumgarten-handelsvertretung.com\/index.php?rest_route=\/wp\/v2\/pages\/897"}],"collection":[{"href":"http:\/\/www.baumgarten-handelsvertretung.com\/index.php?rest_route=\/wp\/v2\/pages"}],"about":[{"href":"http:\/\/www.baumgarten-handelsvertretung.com\/index.php?rest_route=\/wp\/v2\/types\/page"}],"author":[{"embeddable":true,"href":"http:\/\/www.baumgarten-handelsvertretung.com\/index.php?rest_route=\/wp\/v2\/users\/1"}],"replies":[{"embeddable":true,"href":"http:\/\/www.baumgarten-handelsvertretung.com\/index.php?rest_route=%2Fwp%2Fv2%2Fcomments&post=897"}],"version-history":[{"count":42,"href":"http:\/\/www.baumgarten-handelsvertretung.com\/index.php?rest_route=\/wp\/v2\/pages\/897\/revisions"}],"predecessor-version":[{"id":1678,"href":"http:\/\/www.baumgarten-handelsvertretung.com\/index.php?rest_route=\/wp\/v2\/pages\/897\/revisions\/1678"}],"wp:attachment":[{"href":"http:\/\/www.baumgarten-handelsvertretung.com\/index.php?rest_route=%2Fwp%2Fv2%2Fmedia&parent=897"}],"curies":[{"name":"wp","href":"https:\/\/api.w.org\/{rel}","templated":true}]}}