{"id":900,"date":"2016-01-13T14:44:31","date_gmt":"2016-01-13T13:44:31","guid":{"rendered":"http:\/\/www.baumgarten-handelsvertretung.com\/?page_id=900"},"modified":"2016-05-24T11:40:39","modified_gmt":"2016-05-24T09:40:39","slug":"hardware","status":"publish","type":"page","link":"http:\/\/www.baumgarten-handelsvertretung.com\/?page_id=900","title":{"rendered":"Hardware."},"content":{"rendered":"<p>[et_pb_section admin_label=&#8220;section&#8220;][et_pb_row admin_label=&#8220;row&#8220;][et_pb_column type=&#8220;1_2&#8243;][et_pb_text admin_label=&#8220;Text&#8220; background_layout=&#8220;light&#8220; text_orientation=&#8220;left&#8220; use_border_color=&#8220;off&#8220; border_color=&#8220;#ffffff&#8220; border_style=&#8220;solid&#8220;]<\/p>\n<h3><span style=\"color: #9acd32;\"><strong>Hardware.<\/strong><\/span><\/h3>\n<p><span style=\"color: #333333;\">Aufgrund unserer Erfahrungen im graphischen Bereich setzen wir haupts\u00e4chlich die folgenden Hersteller ein:<\/span> <span style=\"color: #333333;\"><strong>Epson\u00a0 |\u00a0\u00a0 OKI \u00a0 | \u00a0 HP \u00a0 |\u00a0\u00a0 Canon \u00a0 |\u00a0\u00a0 Ideal \u00a0 | \u00a0 Just Normlicht <\/strong><\/span> [\/et_pb_text][et_pb_tabs admin_label=&#8220;Registerkarte&#8220; use_border_color=&#8220;off&#8220; border_color=&#8220;#ffffff&#8220; border_style=&#8220;solid&#8220; active_tab_background_color=&#8220;#9acd32&#8243;] [et_pb_tab title=&#8220;Gro\u00dfformat \/ Plott &#8220; tab_font_select=&#8220;default&#8220; body_font_select=&#8220;default&#8220;] <span style=\"color: #333333;\">Beratung, Lieferung und Aufstellung von Maschinen der folgenden Hersteller:<\/span><\/p>\n<p>&nbsp;<\/p>\n<ul>\n<li><span style=\"color: #333333;\"><span style=\"color: #9acd32;\">\u2666<\/span> Epson<\/span><\/li>\n<li><span style=\"color: #333333;\"><span style=\"color: #9acd32;\">\u2666<\/span> Canon<\/span><\/li>\n<li><span style=\"color: #333333;\"><span style=\"color: #9acd32;\">\u2666<\/span> Oki<\/span><\/li>\n<li><span style=\"color: #333333;\"><span style=\"color: #9acd32;\">\u2666<\/span> HP<\/span><\/li>\n<li><span style=\"color: #333333;\"><span style=\"color: #9acd32;\">\u2666<\/span> Roland<\/span><\/li>\n<\/ul>\n<p><span style=\"color: #333333;\">\u00a0<\/span> [\/et_pb_tab][et_pb_tab title=&#8220;Gro\u00dfformat Zubeh\u00f6r \/ Tools&#8220; tab_font_select=&#8220;default&#8220; body_font_select=&#8220;default&#8220;]<\/p>\n<p>&nbsp;<\/p>\n<p><span style=\"color: #333333;\">Wir liefern jegliches Werkzeuge und Zubeh\u00f6r, das Sie zum Gro\u00dfformatdruck ben\u00f6tigen:<\/span><\/p>\n<table style=\"height: 306px;\" width=\"705\">\n<tbody>\n<tr>\n<td>\n<ul>\n<li><span style=\"color: #333333;\"><span style=\"color: #9acd32;\">\u2666<\/span> Folien\/Planen schwei\u00dfen<\/span><\/li>\n<li><span style=\"color: #333333;\"><span style=\"color: #9acd32;\">\u2666<\/span> \u00d6sen \u00a0\u00a0<\/span><\/li>\n<li><span style=\"color: #333333;\"><span style=\"color: #9acd32;\">\u2666<\/span> Laminieren<\/span><\/li>\n<li><span style=\"color: #333333;\"><span style=\"color: #9acd32;\">\u2666<\/span> Schneiden<\/span><\/li>\n<li><span style=\"color: #333333;\"><span style=\"color: #9acd32;\">\u2666<\/span> Ordnung<\/span><\/li>\n<li><span style=\"color: #9acd32;\">\u2666<\/span> <span style=\"color: #333333;\">Applikationswerkzeuge \u00a0\u00a0 <\/span><\/li>\n<\/ul>\n<\/td>\n<td><span style=\"color: #333333;\">F\u00fcr unsere <a style=\"color: #333333;\" href=\"http:\/\/www.baumgarten-handelsvertretung.com\/wp-content\/uploads\/2016\/05\/Powertools.pdf\" target=\"_blank\" rel=\"\"><strong>Powertool<\/strong> Angebotsliste<br \/>\n<\/a><a style=\"color: #333333;\" href=\"http:\/\/www.baumgarten-handelsvertretung.com\/wp-content\/uploads\/2016\/05\/Powertools.pdf\" rel=\"\">als PDF klicken Sie bitte auf das Bild.\u00a0<\/a><\/span><\/p>\n<p><a href=\"http:\/\/www.baumgarten-handelsvertretung.com\/wp-content\/uploads\/2016\/05\/Powertools.pdf\" target=\"_blank\" rel=\"attachment wp-att-1781\"><img loading=\"lazy\" decoding=\"async\" class=\"aligncenter wp-image-1781\" src=\"http:\/\/www.baumgarten-handelsvertretung.com\/wp-content\/uploads\/2016\/04\/Fotolia_60018498_M-300x300.jpg\" alt=\"Informieren M\u00e4nnchen |#60018498 | Urheber: Trueffelpix\" width=\"160\" height=\"160\" srcset=\"http:\/\/www.baumgarten-handelsvertretung.com\/wp-content\/uploads\/2016\/04\/Fotolia_60018498_M-300x300.jpg 300w, http:\/\/www.baumgarten-handelsvertretung.com\/wp-content\/uploads\/2016\/04\/Fotolia_60018498_M-150x150.jpg 150w, http:\/\/www.baumgarten-handelsvertretung.com\/wp-content\/uploads\/2016\/04\/Fotolia_60018498_M-768x768.jpg 768w, http:\/\/www.baumgarten-handelsvertretung.com\/wp-content\/uploads\/2016\/04\/Fotolia_60018498_M-1024x1024.jpg 1024w, http:\/\/www.baumgarten-handelsvertretung.com\/wp-content\/uploads\/2016\/04\/Fotolia_60018498_M-1080x1080.jpg 1080w, http:\/\/www.baumgarten-handelsvertretung.com\/wp-content\/uploads\/2016\/04\/Fotolia_60018498_M.jpg 1378w\" sizes=\"(max-width: 160px) 100vw, 160px\" \/> <\/a><\/td>\n<\/tr>\n<\/tbody>\n<\/table>\n<p>[\/et_pb_tab][et_pb_tab title=&#8220;B\u00fcro &#8220; tab_font_select=&#8220;default&#8220; body_font_select=&#8220;default&#8220;] <span style=\"color: #333333;\">Wir beraten Sie gerne vor einer Anschaffung von <\/span><\/p>\n<p>&nbsp;<\/p>\n<ul>\n<li><span style=\"color: #9acd32;\">\u2666<\/span> <span style=\"color: #333333;\">Druckern<\/span><\/li>\n<li><span style=\"color: #333333;\"><span style=\"color: #9acd32;\">\u2666<\/span> Dokumentenscanner<\/span><\/li>\n<li><span style=\"color: #333333;\"><span style=\"color: #9acd32;\">\u2666<\/span> Monitore \/ Beamer<\/span><\/li>\n<li><span style=\"color: #333333;\"><span style=\"color: #9acd32;\">\u2666<\/span> Aktenvernichter<\/span><\/li>\n<\/ul>\n<p>[\/et_pb_tab] [\/et_pb_tabs][\/et_pb_column][et_pb_column type=&#8220;1_2&#8243;][et_pb_text admin_label=&#8220;Text&#8220; background_layout=&#8220;light&#8220; text_orientation=&#8220;left&#8220; use_border_color=&#8220;off&#8220; border_color=&#8220;#ffffff&#8220; border_style=&#8220;solid&#8220;]<\/p>\n<table style=\"height: 290px;\" width=\"273\">\n<tbody>\n<tr style=\"height: 50px;\">\n<td><\/td>\n<td><\/td>\n<\/tr>\n<tr style=\"height: 50px;\">\n<td><img loading=\"lazy\" decoding=\"async\" class=\"wp-image-1139 aligncenter\" src=\"http:\/\/www.baumgarten-handelsvertretung.com\/wp-content\/uploads\/2016\/01\/Epson.jpg\" alt=\"\" width=\"105\" height=\"37\" \/><\/td>\n<td><img loading=\"lazy\" decoding=\"async\" class=\"wp-image-1138 aligncenter\" src=\"http:\/\/www.baumgarten-handelsvertretung.com\/wp-content\/uploads\/2016\/01\/Canon-logo-F5F382EE57-seeklogo.com_.gif.png\" alt=\"\" width=\"107\" height=\"25\" \/><\/td>\n<\/tr>\n<tr style=\"height: 50px;\">\n<td><img loading=\"lazy\" decoding=\"async\" class=\"wp-image-1140 aligncenter\" src=\"http:\/\/www.baumgarten-handelsvertretung.com\/wp-content\/uploads\/2016\/01\/HP.png\" alt=\"\" width=\"43\" height=\"43\" srcset=\"http:\/\/www.baumgarten-handelsvertretung.com\/wp-content\/uploads\/2016\/01\/HP.png 200w, http:\/\/www.baumgarten-handelsvertretung.com\/wp-content\/uploads\/2016\/01\/HP-150x150.png 150w\" sizes=\"(max-width: 43px) 100vw, 43px\" \/><\/td>\n<td><a href=\"http:\/\/www.baumgarten-handelsvertretung.com\/wp-content\/uploads\/2016\/01\/oki-printing-solutions-logo-B40B741DC1-seeklogo.com_-1.gif\" rel=\"attachment wp-att-1433\"><img loading=\"lazy\" decoding=\"async\" class=\"aligncenter wp-image-1433\" src=\"http:\/\/www.baumgarten-handelsvertretung.com\/wp-content\/uploads\/2016\/01\/oki-printing-solutions-logo-B40B741DC1-seeklogo.com_-1.gif\" alt=\"oki-printing-solutions-logo-B40B741DC1-seeklogo.com\" width=\"106\" height=\"50\" \/><\/a><\/td>\n<\/tr>\n<tr style=\"height: 50px;\">\n<td><a href=\"http:\/\/www.baumgarten-handelsvertretung.com\/wp-content\/uploads\/2016\/01\/Ideal.jpg\" rel=\"attachment wp-att-1652\"><img loading=\"lazy\" decoding=\"async\" class=\"aligncenter wp-image-1652\" src=\"http:\/\/www.baumgarten-handelsvertretung.com\/wp-content\/uploads\/2016\/01\/Ideal.jpg\" alt=\"Ideal\" width=\"117\" height=\"30\" \/><\/a><\/td>\n<td><strong>Just Normlicht<\/strong><\/td>\n<\/tr>\n<\/tbody>\n<\/table>\n<p>[\/et_pb_text][\/et_pb_column][\/et_pb_row][\/et_pb_section]<\/p>\n","protected":false},"excerpt":{"rendered":"<p>Hardware. Aufgrund unserer Erfahrungen im graphischen Bereich setzen wir haupts\u00e4chlich die folgenden Hersteller ein: Epson\u00a0 |\u00a0\u00a0 OKI \u00a0 | \u00a0 HP \u00a0 |\u00a0\u00a0 Canon \u00a0 |\u00a0\u00a0 Ideal \u00a0 | \u00a0 Just Normlicht Beratung, Lieferung und Aufstellung von Maschinen der folgenden Hersteller: &nbsp; \u2666 Epson \u2666 Canon \u2666 Oki \u2666 HP \u2666 Roland \u00a0 &nbsp; Wir [&hellip;]<\/p>\n","protected":false},"author":1,"featured_media":0,"parent":0,"menu_order":0,"comment_status":"closed","ping_status":"closed","template":"","meta":{"_et_pb_use_builder":"on","_et_pb_old_content":"","_et_gb_content_width":"","footnotes":""},"_links":{"self":[{"href":"http:\/\/www.baumgarten-handelsvertretung.com\/index.php?rest_route=\/wp\/v2\/pages\/900"}],"collection":[{"href":"http:\/\/www.baumgarten-handelsvertretung.com\/index.php?rest_route=\/wp\/v2\/pages"}],"about":[{"href":"http:\/\/www.baumgarten-handelsvertretung.com\/index.php?rest_route=\/wp\/v2\/types\/page"}],"author":[{"embeddable":true,"href":"http:\/\/www.baumgarten-handelsvertretung.com\/index.php?rest_route=\/wp\/v2\/users\/1"}],"replies":[{"embeddable":true,"href":"http:\/\/www.baumgarten-handelsvertretung.com\/index.php?rest_route=%2Fwp%2Fv2%2Fcomments&post=900"}],"version-history":[{"count":42,"href":"http:\/\/www.baumgarten-handelsvertretung.com\/index.php?rest_route=\/wp\/v2\/pages\/900\/revisions"}],"predecessor-version":[{"id":1795,"href":"http:\/\/www.baumgarten-handelsvertretung.com\/index.php?rest_route=\/wp\/v2\/pages\/900\/revisions\/1795"}],"wp:attachment":[{"href":"http:\/\/www.baumgarten-handelsvertretung.com\/index.php?rest_route=%2Fwp%2Fv2%2Fmedia&parent=900"}],"curies":[{"name":"wp","href":"https:\/\/api.w.org\/{rel}","templated":true}]}}