{"id":938,"date":"2016-01-13T15:01:32","date_gmt":"2016-01-13T14:01:32","guid":{"rendered":"http:\/\/www.baumgarten-handelsvertretung.com\/?page_id=938"},"modified":"2016-05-24T12:20:00","modified_gmt":"2016-05-24T10:20:00","slug":"impressum","status":"publish","type":"page","link":"http:\/\/www.baumgarten-handelsvertretung.com\/?page_id=938","title":{"rendered":"Impressum."},"content":{"rendered":"<p>[et_pb_section admin_label=&#8220;section&#8220;][et_pb_row admin_label=&#8220;row&#8220;][et_pb_column type=&#8220;4_4&#8243;][et_pb_text admin_label=&#8220;Text&#8220; background_layout=&#8220;light&#8220; text_orientation=&#8220;left&#8220; use_border_color=&#8220;off&#8220; border_color=&#8220;#ffffff&#8220; border_style=&#8220;solid&#8220;]<\/p>\n<h1><strong><span style=\"color: #9acd32;\">Impressum<\/span><\/strong><\/h1>\n<p><span style=\"color: #333333;\"><strong>Angaben gem\u00e4\u00df \u00a7 5 TMG:<\/strong><\/span><\/p>\n<div><span style=\"color: #333333;\">Uwe Baumgarten<\/span><\/div>\n<div><span style=\"color: #333333;\">Inhaber<\/span> <span style=\"color: #333333;\"> Stakenberg 17<\/span><\/div>\n<div><span style=\"color: #333333;\">D-42579 Heiligenhaus<\/span><\/div>\n<div><span style=\"color: #333333;\">\u00a0<\/span><\/div>\n<p><span style=\"color: #333333;\"><strong>Kontakt: <\/strong><\/span><\/p>\n<div><span style=\"color: #333333;\">Telefon: +49 (0)2054.2087 <\/span><\/div>\n<div><span style=\"color: #333333;\">Telefax: +49 (0)2054.9384180 <\/span><\/div>\n<div><span style=\"color: #333333;\">E-Mail: info@baumgarten-handelsvertretung.de <\/span><\/div>\n<div><\/div>\n<div><\/div>\n<p><span style=\"color: #333333;\"><strong>Umsatzsteuer-ID:<\/strong><\/span><\/p>\n<div><span style=\"color: #333333;\"><span style=\"color: #333333;\">Umsatzsteuer-Identifikationsnummer gem\u00e4\u00df \u00a727 a Umsatzsteuergesetz: DE259872768<\/span><\/span><\/div>\n<div><span style=\"color: #333333;\">\u00a0<\/span><\/div>\n<div><\/div>\n<p><span style=\"color: #333333;\"><strong>Webdesign:<\/strong> <\/span><\/p>\n<div><span style=\"color: #333333;\">Designers Inn c\/o Marco W. Linke <\/span><\/div>\n<div><span style=\"color: #333333;\">www.designers-inn.de <\/span><\/div>\n<div><\/div>\n<p>&nbsp;<\/p>\n<p><strong><span style=\"color: #333333;\">Bildrechte:<\/span> <\/strong><\/p>\n<div><span style=\"color: #333333;\"><span style=\"color: #333333;\"><span style=\"color: #333333;\">#82302540 | Urheber: MH | handshake \u2013 Fotolia.de<\/span><\/span><\/span><\/div>\n<div><span style=\"color: #333333;\"><span style=\"color: #333333;\"><span style=\"color: #333333;\">#66054977 | Urheber: Trueffelpix | ich will, ich kann ich werde \u2013 motivation \u2013 Fotolia.de<\/span><\/span><\/span><\/div>\n<div><span style=\"color: #333333;\">#60018498 | Urheber: Trueffelpix | Informieren M\u00e4nnchen<\/span><\/div>\n<div><span style=\"color: #333333;\"><span style=\"color: #333333;\">#89915110 | Urheber: gustavofrazao | Think Outside the Box written on desert road \u2013 Fotolia.de<\/span><\/span><\/div>\n<div><span style=\"color: #333333;\"><span style=\"color: #333333;\">#104948590 | Urheber: made_by_nana | Made in Germany \u2013 Fotolia.de <\/span><\/span><\/div>\n<div><\/div>\n<div><\/div>\n<div><\/div>\n<p>&nbsp;<\/p>\n<p><span style=\"color: #333333;\"><strong>Verantwortlich f\u00fcr den Inhalt nach \u00a7 55 Abs. 2 RStV:<\/strong> <\/span><\/p>\n<div><span style=\"color: #333333;\">Uwe Baumgarten <\/span><\/div>\n<div><span style=\"color: #333333;\">Stakenberg 17 <\/span><\/div>\n<div><span style=\"color: #333333;\">D-42579 Heiligenhaus <\/span><\/div>\n<div><\/div>\n<div><\/div>\n<div><\/div>\n<p>&nbsp;<\/p>\n<p><span style=\"color: #333333;\"><strong>Quelle:<\/strong> <a style=\"color: #333333;\" href=\"https:\/\/www.e-recht24.de\" target=\"_blank\">https:\/\/www.e-recht24.de<\/a><\/span><\/p>\n<div class=\"impressum\"><span style=\"color: #333333;\">\u00a0<\/span><\/div>\n<div class=\"impressum\"><\/div>\n<div class=\"impressum\"><\/div>\n<p class=\"impressum\"><span style=\"color: #333333;\"><strong>Haftungsausschluss (Disclaimer)<\/strong><\/span><\/p>\n<div class=\"impressum\"><span style=\"color: #333333;\">\u00a0<\/span><\/div>\n<div class=\"impressum\"><span style=\"color: #333333;\"><strong> Haftung f\u00fcr Inhalte<\/strong><\/span><\/div>\n<div class=\"impressum\"><span style=\"color: #333333;\">Als Diensteanbieter sind wir gem\u00e4\u00df \u00a7 7 Abs.1 TMG f\u00fcr eigene Inhalte auf diesen Seiten nach den allgemeinen Gesetzen verantwortlich. Nach \u00a7\u00a7 8 bis 10 TMG sind wir als Diensteanbieter jedoch nicht verpflichtet, \u00fcbermittelte oder gespeicherte fremde Informationen zu \u00fcberwachen oder nach Umst\u00e4nden zu forschen, die auf eine rechtswidrige T\u00e4tigkeit hinweisen. Verpflichtungen zur Entfernung oder Sperrung der Nutzung von Informationen nach den allgemeinen Gesetzen bleiben hiervon unber\u00fchrt. Eine diesbez\u00fcgliche Haftung ist jedoch erst ab dem Zeitpunkt der Kenntnis einer konkreten Rechtsverletzung m\u00f6glich. Bei Bekanntwerden von entsprechenden Rechtsverletzungen werden wir diese Inhalte umgehend entfernen.<\/span><\/div>\n<div class=\"impressum\"><\/div>\n<div class=\"impressum\"><span style=\"color: #333333;\"><strong>Haftung f\u00fcr Links<\/strong><\/span><\/div>\n<div class=\"impressum\"><span style=\"color: #333333;\">Unser Angebot enth\u00e4lt Links zu externen Webseiten Dritter, auf deren Inhalte wir keinen Einfluss haben.<\/span> <span style=\"color: #333333;\"> Deshalb k\u00f6nnen wir f\u00fcr diese fremden Inhalte auch keine Gew\u00e4hr \u00fcbernehmen. F\u00fcr die Inhalte der verlinkten<\/span> <span style=\"color: #333333;\"> Seiten ist stets der jeweilige Anbieter oder Betreiber der Seiten verantwortlich. Die verlinkten Seiten wurden zum<\/span> <span style=\"color: #333333;\"> Zeitpunkt der Verlinkung auf m\u00f6gliche Rechtsverst\u00f6\u00dfe \u00fcberpr\u00fcft. Rechtswidrige Inhalte waren zum Zeitpunkt der<\/span> <span style=\"color: #333333;\"> Verlinkung nicht erkennbar. Eine permanente inhaltliche Kontrolle der verlinkten Seiten ist jedoch ohne konkrete<\/span> <span style=\"color: #333333;\"> Anhaltspunkte einer Rechtsverletzung nicht zumutbar. Bei Bekanntwerden von Rechtsverletzungen werden wir<\/span> <span style=\"color: #333333;\"><span style=\"color: #333333;\"> derartige Links umgehend entfernen.<\/span><\/span><\/div>\n<div class=\"impressum\"><\/div>\n<div class=\"impressum\"><span style=\"color: #333333;\"><strong>Urheberrecht<\/strong><\/span><\/div>\n<div class=\"impressum\"><span style=\"color: #333333;\">Die durch die Seitenbetreiber erstellten Inhalte und Werke auf diesen Seiten unterliegen dem deutschen<\/span> <span style=\"color: #333333;\"> Urheberrecht. Die Vervielf\u00e4ltigung, Bearbeitung, Verbreitung und jede Art der Verwertung au\u00dferhalb der<\/span> <span style=\"color: #333333;\"> Grenzen des Urheberrechtes bed\u00fcrfen der schriftlichen Zustimmung des jeweiligen Autors bzw. Erstellers.<\/span> <span style=\"color: #333333;\"> Downloads und Kopien dieser Seite sind nur f\u00fcr den privaten, nicht kommerziellen Gebrauch gestattet. Soweit<\/span> <span style=\"color: #333333;\"> die Inhalte auf dieser Seite nicht vom Betreiber erstellt wurden, werden die Urheberrechte Dritter beachtet.<\/span> <span style=\"color: #333333;\"> Insbesondere werden Inhalte Dritter als solche gekennzeichnet. Sollten Sie trotzdem auf eine<\/span> <span style=\"color: #333333;\"> Urheberrechtsverletzung aufmerksam werden, bitten wir um einen entsprechenden Hinweis. Bei Bekanntwerden <\/span><span style=\"color: #333333;\"><span style=\"color: #333333;\">von Rechtsverletzungen werden wir derartige Inhalte umgehend entfernen.<\/span><\/span><\/div>\n<p>[\/et_pb_text][\/et_pb_column][\/et_pb_row][\/et_pb_section]<\/p>\n","protected":false},"excerpt":{"rendered":"<p>Impressum Angaben gem\u00e4\u00df \u00a7 5 TMG: Uwe Baumgarten Inhaber Stakenberg 17 D-42579 Heiligenhaus \u00a0 Kontakt: Telefon: +49 (0)2054.2087 Telefax: +49 (0)2054.9384180 E-Mail: info@baumgarten-handelsvertretung.de Umsatzsteuer-ID: Umsatzsteuer-Identifikationsnummer gem\u00e4\u00df \u00a727 a Umsatzsteuergesetz: DE259872768 \u00a0 Webdesign: Designers Inn c\/o Marco W. Linke www.designers-inn.de &nbsp; Bildrechte: #82302540 | Urheber: MH | handshake \u2013 Fotolia.de #66054977 | Urheber: Trueffelpix | ich [&hellip;]<\/p>\n","protected":false},"author":1,"featured_media":0,"parent":0,"menu_order":0,"comment_status":"closed","ping_status":"closed","template":"","meta":{"_et_pb_use_builder":"on","_et_pb_old_content":"","_et_gb_content_width":"","footnotes":""},"_links":{"self":[{"href":"http:\/\/www.baumgarten-handelsvertretung.com\/index.php?rest_route=\/wp\/v2\/pages\/938"}],"collection":[{"href":"http:\/\/www.baumgarten-handelsvertretung.com\/index.php?rest_route=\/wp\/v2\/pages"}],"about":[{"href":"http:\/\/www.baumgarten-handelsvertretung.com\/index.php?rest_route=\/wp\/v2\/types\/page"}],"author":[{"embeddable":true,"href":"http:\/\/www.baumgarten-handelsvertretung.com\/index.php?rest_route=\/wp\/v2\/users\/1"}],"replies":[{"embeddable":true,"href":"http:\/\/www.baumgarten-handelsvertretung.com\/index.php?rest_route=%2Fwp%2Fv2%2Fcomments&post=938"}],"version-history":[{"count":63,"href":"http:\/\/www.baumgarten-handelsvertretung.com\/index.php?rest_route=\/wp\/v2\/pages\/938\/revisions"}],"predecessor-version":[{"id":1814,"href":"http:\/\/www.baumgarten-handelsvertretung.com\/index.php?rest_route=\/wp\/v2\/pages\/938\/revisions\/1814"}],"wp:attachment":[{"href":"http:\/\/www.baumgarten-handelsvertretung.com\/index.php?rest_route=%2Fwp%2Fv2%2Fmedia&parent=938"}],"curies":[{"name":"wp","href":"https:\/\/api.w.org\/{rel}","templated":true}]}}