{"id":941,"date":"2016-01-13T15:01:53","date_gmt":"2016-01-13T14:01:53","guid":{"rendered":"http:\/\/www.baumgarten-handelsvertretung.com\/?page_id=941"},"modified":"2016-05-24T10:21:42","modified_gmt":"2016-05-24T08:21:42","slug":"datenschutz","status":"publish","type":"page","link":"http:\/\/www.baumgarten-handelsvertretung.com\/?page_id=941","title":{"rendered":"Datenschutz."},"content":{"rendered":"<p>[et_pb_section admin_label=&#8220;section&#8220;][et_pb_row admin_label=&#8220;row&#8220;][et_pb_column type=&#8220;4_4&#8243;][et_pb_text admin_label=&#8220;Text&#8220; background_layout=&#8220;light&#8220; text_orientation=&#8220;left&#8220; use_border_color=&#8220;off&#8220; border_color=&#8220;#ffffff&#8220; border_style=&#8220;solid&#8220;]<\/p>\n<h1><strong><span style=\"color: #9acd32;\">Datenschutzerkl\u00e4rung:<\/span><\/strong><\/h1>\n<p><span style=\"color: #333333;\"><strong>Datenschutz<\/strong><\/span><br \/>\n<span style=\"color: #333333;\"> Die Betreiber dieser Seiten nehmen den Schutz Ihrer pers\u00f6nlichen Daten sehr ernst. Wir behandeln Ihre<\/span> <span style=\"color: #333333;\"> personenbezogenen Daten vertraulich und entsprechend der gesetzlichen Datenschutzvorschriften sowie dieser<\/span> <span style=\"color: #333333;\"> Datenschutzerkl\u00e4rung.<\/span> <span style=\"color: #333333;\"> Die Nutzung unserer Webseite ist in der Regel ohne Angabe personenbezogener Daten m\u00f6glich. Soweit auf<\/span> <span style=\"color: #333333;\"> unseren Seiten personenbezogene Daten (beispielsweise Name, Anschrift oder E-Mail-Adressen) erhoben<\/span> <span style=\"color: #333333;\"> werden, erfolgt dies, soweit m\u00f6glich, stets auf freiwilliger Basis. Diese Daten werden ohne Ihre ausdr\u00fcckliche<\/span> <span style=\"color: #333333;\"> Zustimmung nicht an Dritte weitergegeben.<\/span> <span style=\"color: #333333;\"> Wir weisen darauf hin, dass die Daten\u00fcbertragung im Internet (z.B. bei der Kommunikation per E-Mail)<\/span> <span style=\"color: #333333;\"> Sicherheitsl\u00fccken aufweisen kann. Ein l\u00fcckenloser Schutz der Daten vor dem Zugriff durch Dritte ist nicht<\/span> <span style=\"color: #333333;\"> m\u00f6glich.<\/span><\/p>\n<p><span style=\"color: #333333;\"><strong>Datenschutzerkl\u00e4rung f\u00fcr die Nutzung von etracker<br \/>\n<\/strong><\/span><span style=\"color: #333333;\">Unsere Webseite nutzt den Analysedienst etracker. Anbieter ist die etracker GmbH, Erste Brunnenstra\u00dfe 1<\/span> <span style=\"color: #333333;\"> 20459 Hamburg Germany.<\/span> <span style=\"color: #333333;\"> Aus den Daten k\u00f6nnen unter einem Pseudonym Nutzungsprofile erstellt werden. Dazu k\u00f6nnen Cookies<\/span> <span style=\"color: #333333;\"> eingesetzt werden. Bei Cookies handelt es sich um kleine Textdateien, die lokal im Zwischenspeicher Ihres<\/span> <span style=\"color: #333333;\"> Internet-Browsers gespeichert werden. Die Cookies erm\u00f6glichen es, Ihren Browser wieder zu erkennen. Die mit<\/span> <span style=\"color: #333333;\"> den etracker-Technologien erhobenen Daten werden ohne die gesondert erteilte Zustimmung des Betroffenen<\/span> <span style=\"color: #333333;\"> nicht genutzt, Besucher unserer Website pers\u00f6nlich zu identifizieren und werden nicht mit personenbezogenen<\/span> <span style=\"color: #333333;\"> Daten \u00fcber den Tr\u00e4ger des Pseudonyms zusammengef\u00fchrt.<\/span> <span style=\"color: #333333;\"> Der Datenerhebung und -speicherung k\u00f6nnen Sie jederzeit mit Wirkung f\u00fcr die Zukunft widersprechen. Um einer<\/span> <span style=\"color: #333333;\"> Datenerhebung und -speicherung Ihrer Besucherdaten f\u00fcr die Zukunft zu widersprechen, k\u00f6nnen Sie unter<\/span> <span style=\"color: #333333;\"> nachfolgendem Link ein Opt-Out-Cookie von etracker beziehen, dieser bewirkt, dass zuk\u00fcnftig keine<\/span> <span style=\"color: #333333;\"> Besucherdaten Ihres Browsers bei etracker erhoben und gespeichert werden:<\/span> <span style=\"color: #333333;\"> http:\/\/www.etracker.de\/privacy?et=V23Jbb<\/span> <span style=\"color: #333333;\"> Dadurch wird ein Opt-Out-Cookie mit dem Namen &#8222;cntcookie&#8220; von etracker gesetzt. Bitte l\u00f6schen Sie diesen<\/span> <span style=\"color: #333333;\"> Cookie nicht, solange Sie Ihren Widerspruch aufrecht erhalten m\u00f6chten. Weitere Informationen finden Sie in den<\/span> <span style=\"color: #333333;\"> Datenschutzbestimmungen von etracker: <a style=\"color: #333333;\" href=\"http:\/\/www.etracker.com\/de\/datenschutz.html\" target=\"_blank\">http:\/\/www.etracker.com\/de\/datenschutz.html<\/a><\/span><\/p>\n<p><span style=\"color: #333333;\"><strong>Datenschutzerkl\u00e4rung f\u00fcr die Nutzung von Google Analytics<br \/>\n<\/strong><\/span><span style=\"color: #333333;\">Diese Website nutzt Funktionen des Webanalysedienstes Google Analytics. Anbieter ist die Google Inc. 1600<\/span> <span style=\"color: #333333;\"> Amphitheatre Parkway Mountain View, CA 94043, USA. Google Analytics verwendet sog. &#8222;Cookies&#8220;. Das sind<\/span> <span style=\"color: #333333;\"> Textdateien, die auf Ihrem Computer gespeichert werden und die eine Analyse der Benutzung der Website<\/span> <span style=\"color: #333333;\"> durch Sie erm\u00f6glichen. Die durch den Cookie erzeugten Informationen \u00fcber Ihre Benutzung dieser Website<\/span> <span style=\"color: #333333;\"> werden in der Regel an einen Server von Google in den USA \u00fcbertragen und dort gespeichert.<\/span> <span style=\"color: #333333;\"> Im Falle der Aktivierung der IP-Anonymisierung auf dieser Webseite wird Ihre IP-Adresse von Google jedoch<\/span> <span style=\"color: #333333;\"> innerhalb von Mitgliedstaaten der Europ\u00e4ischen Union oder in anderen Vertragsstaaten des Abkommens \u00fcber<\/span> <span style=\"color: #333333;\"> den Europ\u00e4ischen Wirtschaftsraum zuvor gek\u00fcrzt. Nur in Ausnahmef\u00e4llen wird die volle IP-Adresse an einen<\/span> <span style=\"color: #333333;\"> Server von Google in den USA \u00fcbertragen und dort gek\u00fcrzt. Im Auftrag des Betreibers dieser Website wird<\/span> <span style=\"color: #333333;\"> Google diese Informationen benutzen, um Ihre Nutzung der Website auszuwerten, um Reports \u00fcber die<\/span> <span style=\"color: #333333;\"> Websiteaktivit\u00e4ten zusammenzustellen und um weitere mit der Websitenutzung und der Internetnutzung<\/span> <span style=\"color: #333333;\"> verbundene Dienstleistungen gegen\u00fcber dem Websitebetreiber zu erbringen. Die im Rahmen von Google<\/span> <span style=\"color: #333333;\"> Analytics von Ihrem Browser \u00fcbermittelte IP-Adresse wird nicht mit anderen Daten von Google<\/span> <span style=\"color: #333333;\"> zusammengef\u00fchrt.<\/span> <span style=\"color: #333333;\"> Sie k\u00f6nnen die Speicherung der Cookies durch eine entsprechende Einstellung Ihrer Browser-Software<\/span> <span style=\"color: #333333;\"> verhindern; wir weisen Sie jedoch darauf hin, dass Sie in diesem Fall gegebenenfalls nicht s\u00e4mtliche Funktionen<\/span> <span style=\"color: #333333;\"> dieser Website vollumf\u00e4nglich werden nutzen k\u00f6nnen. Sie k\u00f6nnen dar\u00fcber hinaus die Erfassung der durch das<\/span> <span style=\"color: #333333;\"> Cookie erzeugten und auf Ihre Nutzung der Website bezogenen Daten (inkl. Ihrer IP-Adresse) an Google sowie<\/span> <span style=\"color: #333333;\"> die Verarbeitung dieser Daten durch Google verhindern, indem sie das unter dem folgenden Link verf\u00fcgbare<\/span> <span style=\"color: #333333;\"> Browser-Plugin herunterladen und installieren: <a style=\"color: #333333;\" href=\"http:\/\/tools.google.com\/dlpage\/gaoptout?hl=de\" target=\"_blank\">http:\/\/tools.google.com\/dlpage\/gaoptout?hl=de<\/a><\/span><\/p>\n<p><span style=\"color: #333333;\"><strong>Datenschutzerkl\u00e4rung f\u00fcr die Nutzung von Google +1<br \/>\n<\/strong><\/span><span style=\"color: #333333;\">Unsere Seiten nutzen Funktionen von Google +1. Anbieter ist die Google Inc. 1600 Amphitheatre Parkway<\/span> <span style=\"color: #333333;\"> Mountain View, CA 94043, USA.<\/span> <span style=\"color: #333333;\"> Erfassung und Weitergabe von Informationen: Mithilfe der Google +1-Schaltfl\u00e4che k\u00f6nnen Sie Informationen weltweit ver\u00f6ffentlichen.<br \/>\n\u00dcber die Google +1-Schaltfl\u00e4che erhalten Sie und andere Nutzer personalisierte Inhalte<\/span> <span style=\"color: #333333;\"> von Google und unseren Partnern. Google speichert sowohl die Information, dass Sie f\u00fcr einen Inhalt +1<\/span> <span style=\"color: #333333;\"> gegeben haben, als auch Informationen \u00fcber die Seite, die Sie beim Klicken auf +1 angesehen haben. Ihre +1<\/span> <span style=\"color: #333333;\"> k\u00f6nnen als Hinweise zusammen mit Ihrem Profilnamen und Ihrem Foto in Google-Diensten, wie etwa in<\/span> <span style=\"color: #333333;\"> Suchergebnissen oder in Ihrem Google-Profil, oder an anderen Stellen auf Websites und Anzeigen im Internet<\/span> <span style=\"color: #333333;\"> eingeblendet werden. Google zeichnet Informationen \u00fcber Ihre +1-Aktivit\u00e4ten auf, um die Google-Dienste f\u00fcr Sie<\/span> <span style=\"color: #333333;\"> und andere zu verbessern. Um die Google +1-Schaltfl\u00e4che verwenden zu k\u00f6nnen, ben\u00f6tigen Sie ein weltweit<\/span> <span style=\"color: #333333;\"> sichtbares, \u00f6ffentliches Google-Profil, das zumindest den f\u00fcr das Profil gew\u00e4hlten Namen enthalten muss.<\/span> <span style=\"color: #333333;\"> Dieser Name wird in allen Google-Diensten verwendet. In manchen F\u00e4llen kann dieser Name auch einen<\/span> <span style=\"color: #333333;\"> anderen Namen ersetzen, den Sie beim Teilen von Inhalten \u00fcber Ihr Google-Konto verwendet haben. Die<\/span> <span style=\"color: #333333;\"> Identit\u00e4t Ihres Google- Profils kann Nutzern angezeigt werden, die Ihre E-Mail-Adresse kennen oder \u00fcber andere<\/span> <span style=\"color: #333333;\"> identifizierende Informationen von Ihnen verf\u00fcgen.<\/span> <span style=\"color: #333333;\"> Verwendung der erfassten Informationen: Neben den oben erl\u00e4uterten Verwendungszwecken werden die von<\/span> <span style=\"color: #333333;\"> Ihnen bereitgestellten Informationen gem\u00e4\u00df den geltenden Google-Datenschutzbestimmungen genutzt. Google<\/span> <span style=\"color: #333333;\"> ver\u00f6ffentlicht m\u00f6glicherweise zusammengefasste Statistiken \u00fcber die +1-Aktivit\u00e4ten der Nutzer bzw. gibt diese<\/span> <span style=\"color: #333333;\"> an Nutzer und Partner weiter, wie etwa Publisher, Inserenten oder verbundene Websites.<\/span><\/p>\n<p><span style=\"color: #333333;\"><strong>Auskunft, L\u00f6schung, Sperrung<br \/>\n<\/strong><\/span><span style=\"color: #333333;\">Sie haben jederzeit das Recht auf unentgeltliche Auskunft \u00fcber Ihre gespeicherten personenbezogenen Daten,<\/span> <span style=\"color: #333333;\"> deren Herkunft und Empf\u00e4nger und den Zweck der Datenverarbeitung sowie ein Recht auf Berichtigung,<\/span> <span style=\"color: #333333;\"> Sperrung oder L\u00f6schung dieser Daten. Hierzu sowie zu weiteren Fragen zum Thema personenbezogene Daten<\/span> <span style=\"color: #333333;\"> k\u00f6nnen Sie sich jederzeit unter der im Impressum angegebenen Adresse an uns wenden.<\/span><\/p>\n<p><span style=\"color: #333333;\"><strong>Kontaktformular<\/strong><\/span> <span style=\"color: #333333;\"><br \/>\nWenn Sie uns per Kontaktformular Anfragen zukommen lassen, werden Ihre Angaben aus dem Anfrageformular<\/span> <span style=\"color: #333333;\"> inklusive der von Ihnen dort angegebenen Kontaktdaten zwecks Bearbeitung der Anfrage und f\u00fcr den Fall von<\/span> <span style=\"color: #333333;\"> Anschlussfragen bei uns gespeichert. Diese Daten geben wir nicht ohne Ihre Einwilligung weiter.<\/span><\/p>\n<p><span style=\"color: #333333;\"><strong>Widerspruch Werbe-Mails<\/strong><\/span> <span style=\"color: #333333;\"><br \/>\nDer Nutzung von im Rahmen der Impressumspflicht ver\u00f6ffentlichten Kontaktdaten zur \u00dcbersendung von nicht<\/span> <span style=\"color: #333333;\"> ausdr\u00fccklich angeforderter Werbung und Informationsmaterialien wird hiermit widersprochen. Die Betreiber der<\/span> <span style=\"color: #333333;\"> Seiten behalten sich ausdr\u00fccklich rechtliche Schritte im Falle der unverlangten Zusendung von<\/span> <span style=\"color: #333333;\"> Werbeinformationen, etwa durch Spam-E-Mails, vor.<\/span><\/p>\n<p>[\/et_pb_text][\/et_pb_column][\/et_pb_row][\/et_pb_section]<\/p>\n","protected":false},"excerpt":{"rendered":"<p>Datenschutzerkl\u00e4rung: Datenschutz Die Betreiber dieser Seiten nehmen den Schutz Ihrer pers\u00f6nlichen Daten sehr ernst. Wir behandeln Ihre personenbezogenen Daten vertraulich und entsprechend der gesetzlichen Datenschutzvorschriften sowie dieser Datenschutzerkl\u00e4rung. Die Nutzung unserer Webseite ist in der Regel ohne Angabe personenbezogener Daten m\u00f6glich. Soweit auf unseren Seiten personenbezogene Daten (beispielsweise Name, Anschrift oder E-Mail-Adressen) erhoben werden, erfolgt [&hellip;]<\/p>\n","protected":false},"author":1,"featured_media":0,"parent":0,"menu_order":0,"comment_status":"closed","ping_status":"closed","template":"","meta":{"_et_pb_use_builder":"on","_et_pb_old_content":"","_et_gb_content_width":"","footnotes":""},"_links":{"self":[{"href":"http:\/\/www.baumgarten-handelsvertretung.com\/index.php?rest_route=\/wp\/v2\/pages\/941"}],"collection":[{"href":"http:\/\/www.baumgarten-handelsvertretung.com\/index.php?rest_route=\/wp\/v2\/pages"}],"about":[{"href":"http:\/\/www.baumgarten-handelsvertretung.com\/index.php?rest_route=\/wp\/v2\/types\/page"}],"author":[{"embeddable":true,"href":"http:\/\/www.baumgarten-handelsvertretung.com\/index.php?rest_route=\/wp\/v2\/users\/1"}],"replies":[{"embeddable":true,"href":"http:\/\/www.baumgarten-handelsvertretung.com\/index.php?rest_route=%2Fwp%2Fv2%2Fcomments&post=941"}],"version-history":[{"count":15,"href":"http:\/\/www.baumgarten-handelsvertretung.com\/index.php?rest_route=\/wp\/v2\/pages\/941\/revisions"}],"predecessor-version":[{"id":1745,"href":"http:\/\/www.baumgarten-handelsvertretung.com\/index.php?rest_route=\/wp\/v2\/pages\/941\/revisions\/1745"}],"wp:attachment":[{"href":"http:\/\/www.baumgarten-handelsvertretung.com\/index.php?rest_route=%2Fwp%2Fv2%2Fmedia&parent=941"}],"curies":[{"name":"wp","href":"https:\/\/api.w.org\/{rel}","templated":true}]}}